{"id":456,"date":"2014-09-26T11:32:25","date_gmt":"2014-09-26T15:32:25","guid":{"rendered":"http:\/\/via_capitale.aliquando.id-3.net\/?page_id=456"},"modified":"2020-10-28T14:16:54","modified_gmt":"2020-10-28T14:16:54","slug":"detail-de-propriete","status":"publish","type":"page","link":"https:\/\/martinlemay.com\/en\/nos-proprietes\/detail-de-propriete\/","title":{"rendered":"Properties details"},"content":{"rendered":"<p>&nbsp;<\/p>\n<p><\/p>","protected":false},"excerpt":{"rendered":"<p>&nbsp;<\/p>\n","protected":false},"author":121,"featured_media":0,"parent":1250,"menu_order":0,"comment_status":"open","ping_status":"open","template":"","meta":{"_acf_changed":false,"footnotes":""},"class_list":["post-456","page","type-page","status-publish","hentry"],"acf":[],"yoast_head":"<!-- This site is optimized with the Yoast SEO plugin v26.7 - https:\/\/yoast.com\/wordpress\/plugins\/seo\/ -->\n<title>Properties details - Sutton<\/title>\n<meta name=\"robots\" content=\"index, follow, max-snippet:-1, max-image-preview:large, max-video-preview:-1\" \/>\n<link rel=\"canonical\" href=\"https:\/\/martinlemay.com\/nos-proprietes\/detail-de-propriete\/\" \/>\n<meta property=\"og:locale\" content=\"en_US\" \/>\n<meta property=\"og:type\" content=\"article\" \/>\n<meta property=\"og:title\" content=\"Properties details - Sutton\" \/>\n<meta property=\"og:description\" content=\"&nbsp;\" \/>\n<meta property=\"og:url\" content=\"https:\/\/martinlemay.com\/nos-proprietes\/detail-de-propriete\/\" \/>\n<meta property=\"og:site_name\" content=\"Sutton\" \/>\n<meta property=\"article:modified_time\" content=\"2020-10-28T14:16:54+00:00\" \/>\n<meta name=\"twitter:card\" content=\"summary_large_image\" \/>\n<script type=\"application\/ld+json\" class=\"yoast-schema-graph\">{\"@context\":\"https:\/\/schema.org\",\"@graph\":[{\"@type\":\"WebPage\",\"@id\":\"https:\/\/martinlemay.com\/nos-proprietes\/detail-de-propriete\/\",\"url\":\"https:\/\/martinlemay.com\/nos-proprietes\/detail-de-propriete\/\",\"name\":\"[:fr]D\u00e9tail de propri\u00e9t\u00e9[:en]Properties details[:] - Sutton\",\"isPartOf\":{\"@id\":\"https:\/\/martinlemay.com\/en\/#website\"},\"datePublished\":\"2014-09-26T15:32:25+00:00\",\"dateModified\":\"2020-10-28T14:16:54+00:00\",\"breadcrumb\":{\"@id\":\"https:\/\/martinlemay.com\/nos-proprietes\/detail-de-propriete\/#breadcrumb\"},\"inLanguage\":\"en-US\",\"potentialAction\":[{\"@type\":\"ReadAction\",\"target\":[\"https:\/\/martinlemay.com\/nos-proprietes\/detail-de-propriete\/\"]}]},{\"@type\":\"BreadcrumbList\",\"@id\":\"https:\/\/martinlemay.com\/nos-proprietes\/detail-de-propriete\/#breadcrumb\",\"itemListElement\":[{\"@type\":\"ListItem\",\"position\":1,\"name\":\"Accueil\",\"item\":\"https:\/\/martinlemay.com\/en\/\"},{\"@type\":\"ListItem\",\"position\":2,\"name\":\"Propri\u00e9t\u00e9s\",\"item\":\"https:\/\/martinlemay.com\/nos-proprietes\/\"},{\"@type\":\"ListItem\",\"position\":3,\"name\":\"D\u00e9tail de propri\u00e9t\u00e9\"}]},{\"@type\":\"WebSite\",\"@id\":\"https:\/\/martinlemay.com\/en\/#website\",\"url\":\"https:\/\/martinlemay.com\/en\/\",\"name\":\"Sutton\",\"description\":\"Un site du r\u00e9seau Aliquando\",\"potentialAction\":[{\"@type\":\"SearchAction\",\"target\":{\"@type\":\"EntryPoint\",\"urlTemplate\":\"https:\/\/martinlemay.com\/en\/?s={search_term_string}\"},\"query-input\":{\"@type\":\"PropertyValueSpecification\",\"valueRequired\":true,\"valueName\":\"search_term_string\"}}],\"inLanguage\":\"en-US\"}]}<\/script>\n<!-- \/ Yoast SEO plugin. -->","yoast_head_json":{"title":"Properties details - Sutton","robots":{"index":"index","follow":"follow","max-snippet":"max-snippet:-1","max-image-preview":"max-image-preview:large","max-video-preview":"max-video-preview:-1"},"canonical":"https:\/\/martinlemay.com\/nos-proprietes\/detail-de-propriete\/","og_locale":"en_US","og_type":"article","og_title":"Properties details - Sutton","og_description":"&nbsp;","og_url":"https:\/\/martinlemay.com\/nos-proprietes\/detail-de-propriete\/","og_site_name":"Sutton","article_modified_time":"2020-10-28T14:16:54+00:00","twitter_card":"summary_large_image","schema":{"@context":"https:\/\/schema.org","@graph":[{"@type":"WebPage","@id":"https:\/\/martinlemay.com\/nos-proprietes\/detail-de-propriete\/","url":"https:\/\/martinlemay.com\/nos-proprietes\/detail-de-propriete\/","name":"[:fr]D\u00e9tail de propri\u00e9t\u00e9[:en]Properties details[:] - Sutton","isPartOf":{"@id":"https:\/\/martinlemay.com\/en\/#website"},"datePublished":"2014-09-26T15:32:25+00:00","dateModified":"2020-10-28T14:16:54+00:00","breadcrumb":{"@id":"https:\/\/martinlemay.com\/nos-proprietes\/detail-de-propriete\/#breadcrumb"},"inLanguage":"en-US","potentialAction":[{"@type":"ReadAction","target":["https:\/\/martinlemay.com\/nos-proprietes\/detail-de-propriete\/"]}]},{"@type":"BreadcrumbList","@id":"https:\/\/martinlemay.com\/nos-proprietes\/detail-de-propriete\/#breadcrumb","itemListElement":[{"@type":"ListItem","position":1,"name":"Accueil","item":"https:\/\/martinlemay.com\/en\/"},{"@type":"ListItem","position":2,"name":"Propri\u00e9t\u00e9s","item":"https:\/\/martinlemay.com\/nos-proprietes\/"},{"@type":"ListItem","position":3,"name":"D\u00e9tail de propri\u00e9t\u00e9"}]},{"@type":"WebSite","@id":"https:\/\/martinlemay.com\/en\/#website","url":"https:\/\/martinlemay.com\/en\/","name":"Sutton","description":"Un site du r\u00e9seau Aliquando","potentialAction":[{"@type":"SearchAction","target":{"@type":"EntryPoint","urlTemplate":"https:\/\/martinlemay.com\/en\/?s={search_term_string}"},"query-input":{"@type":"PropertyValueSpecification","valueRequired":true,"valueName":"search_term_string"}}],"inLanguage":"en-US"}]}},"_links":{"self":[{"href":"https:\/\/martinlemay.com\/en\/wp-json\/wp\/v2\/pages\/456","targetHints":{"allow":["GET"]}}],"collection":[{"href":"https:\/\/martinlemay.com\/en\/wp-json\/wp\/v2\/pages"}],"about":[{"href":"https:\/\/martinlemay.com\/en\/wp-json\/wp\/v2\/types\/page"}],"author":[{"embeddable":true,"href":"https:\/\/martinlemay.com\/en\/wp-json\/wp\/v2\/users\/121"}],"replies":[{"embeddable":true,"href":"https:\/\/martinlemay.com\/en\/wp-json\/wp\/v2\/comments?post=456"}],"version-history":[{"count":1,"href":"https:\/\/martinlemay.com\/en\/wp-json\/wp\/v2\/pages\/456\/revisions"}],"predecessor-version":[{"id":1248,"href":"https:\/\/martinlemay.com\/en\/wp-json\/wp\/v2\/pages\/456\/revisions\/1248"}],"up":[{"embeddable":true,"href":"https:\/\/martinlemay.com\/en\/wp-json\/wp\/v2\/pages\/1250"}],"wp:attachment":[{"href":"https:\/\/martinlemay.com\/en\/wp-json\/wp\/v2\/media?parent=456"}],"curies":[{"name":"wp","href":"https:\/\/api.w.org\/{rel}","templated":true}]}}